{"id":15,"date":"2025-10-10T09:45:02","date_gmt":"2025-10-10T09:45:02","guid":{"rendered":"https:\/\/yuanyuanzeng.rkinformatika.online\/?page_id=15"},"modified":"2025-10-10T12:02:03","modified_gmt":"2025-10-10T12:02:03","slug":"productos","status":"publish","type":"page","link":"https:\/\/yuanyuanzeng.com\/en\/productos\/","title":{"rendered":"Products"},"content":{"rendered":"<div data-elementor-type=\"wp-page\" data-elementor-id=\"15\" class=\"elementor elementor-15\" data-elementor-post-type=\"page\">\n\t\t\t\t<div class=\"elementor-element elementor-element-d01b5aa e-con-full e-flex e-con e-parent\" data-id=\"d01b5aa\" data-element_type=\"container\" data-e-type=\"container\" data-settings=\"{&quot;background_background&quot;:&quot;classic&quot;}\">\n\t\t<div class=\"elementor-element elementor-element-832a0ca e-con-full e-flex e-con e-child\" data-id=\"832a0ca\" data-element_type=\"container\" data-e-type=\"container\">\n\t\t\t\t<div class=\"elementor-element elementor-element-6c9ca67 elementor-invisible elementor-widget elementor-widget-heading\" data-id=\"6c9ca67\" data-element_type=\"widget\" data-e-type=\"widget\" data-settings=\"{&quot;_animation&quot;:&quot;fadeInRight&quot;}\" data-widget_type=\"heading.default\">\n\t\t\t\t\t<h2 class=\"elementor-heading-title elementor-size-default\">PRODUCTOS<\/h2>\t\t\t\t<\/div>\n\t\t\t\t<\/div>\n\t\t\t\t<\/div>\n\t\t<div class=\"elementor-element elementor-element-fcd1bca e-flex e-con-boxed e-con e-parent\" data-id=\"fcd1bca\" data-element_type=\"container\" data-e-type=\"container\">\n\t\t\t\t\t<div class=\"e-con-inner\">\n\t\t<div class=\"elementor-element elementor-element-28aa25f e-con-full e-flex e-con e-child\" data-id=\"28aa25f\" data-element_type=\"container\" data-e-type=\"container\" data-settings=\"{&quot;background_background&quot;:&quot;classic&quot;}\">\n\t\t\t\t<div class=\"elementor-element elementor-element-ebc341e elementor-widget elementor-widget-heading\" data-id=\"ebc341e\" data-element_type=\"widget\" data-e-type=\"widget\" data-widget_type=\"heading.default\">\n\t\t\t\t\t<h2 class=\"elementor-heading-title elementor-size-default\">Hogar y cocina<\/h2>\t\t\t\t<\/div>\n\t\t\t\t<div class=\"elementor-element elementor-element-8105bcb elementor-widget elementor-widget-text-editor\" data-id=\"8105bcb\" data-element_type=\"widget\" data-e-type=\"widget\" data-widget_type=\"text-editor.default\">\n\t\t\t\t\t\t\t\t\t<ul><li data-start=\"627\" data-end=\"663\"><p data-start=\"629\" data-end=\"663\">Utensilios pr\u00e1cticos y duraderos<\/p><\/li><li data-start=\"664\" data-end=\"697\"><p data-start=\"666\" data-end=\"697\">Productos de limpieza y orden<\/p><\/li><li data-start=\"698\" data-end=\"749\"><p data-start=\"700\" data-end=\"749\">Detalles decorativos y accesorios para el hogar<\/p><\/li><\/ul>\t\t\t\t\t\t\t\t<\/div>\n\t\t\t\t<\/div>\n\t\t<div class=\"elementor-element elementor-element-0a9c8e3 e-con-full e-flex e-con e-child\" data-id=\"0a9c8e3\" data-element_type=\"container\" data-e-type=\"container\" data-settings=\"{&quot;background_background&quot;:&quot;classic&quot;}\">\n\t\t\t\t<div class=\"elementor-element elementor-element-2141797 elementor-widget elementor-widget-heading\" data-id=\"2141797\" data-element_type=\"widget\" data-e-type=\"widget\" data-widget_type=\"heading.default\">\n\t\t\t\t\t<h2 class=\"elementor-heading-title elementor-size-default\">Cuidado personal y bienestar<\/h2>\t\t\t\t<\/div>\n\t\t\t\t<div class=\"elementor-element elementor-element-6ff191b elementor-widget elementor-widget-text-editor\" data-id=\"6ff191b\" data-element_type=\"widget\" data-e-type=\"widget\" data-widget_type=\"text-editor.default\">\n\t\t\t\t\t\t\t\t\t<ul><li data-start=\"855\" data-end=\"889\"><p data-start=\"857\" data-end=\"889\">Productos de higiene y belleza<\/p><\/li><li data-start=\"890\" data-end=\"929\"><p data-start=\"892\" data-end=\"929\">Accesorios para el cuidado personal<\/p><\/li><li data-start=\"930\" data-end=\"973\"><p data-start=\"932\" data-end=\"973\">Peque\u00f1os dispositivos \u00fatiles y modernos<\/p><\/li><\/ul>\t\t\t\t\t\t\t\t<\/div>\n\t\t\t\t<\/div>\n\t\t\t\t\t<\/div>\n\t\t\t\t<\/div>\n\t\t<div class=\"elementor-element elementor-element-a135e23 e-flex e-con-boxed e-con e-parent\" data-id=\"a135e23\" data-element_type=\"container\" data-e-type=\"container\">\n\t\t\t\t\t<div class=\"e-con-inner\">\n\t\t<div class=\"elementor-element elementor-element-d52647d e-con-full e-flex e-con e-child\" data-id=\"d52647d\" data-element_type=\"container\" data-e-type=\"container\" data-settings=\"{&quot;background_background&quot;:&quot;classic&quot;}\">\n\t\t\t\t<div class=\"elementor-element elementor-element-b1d9358 elementor-widget elementor-widget-heading\" data-id=\"b1d9358\" data-element_type=\"widget\" data-e-type=\"widget\" data-widget_type=\"heading.default\">\n\t\t\t\t\t<h2 class=\"elementor-heading-title elementor-size-default\">Oficina, papeler\u00eda y creatividad<\/h2>\t\t\t\t<\/div>\n\t\t\t\t<div class=\"elementor-element elementor-element-5326f66 elementor-widget elementor-widget-text-editor\" data-id=\"5326f66\" data-element_type=\"widget\" data-e-type=\"widget\" data-widget_type=\"text-editor.default\">\n\t\t\t\t\t\t\t\t\t<ul><li data-start=\"1087\" data-end=\"1120\"><p data-start=\"1089\" data-end=\"1120\">Material escolar y de oficina<\/p><\/li><li data-start=\"1121\" data-end=\"1164\"><p data-start=\"1123\" data-end=\"1164\">Art\u00edculos para manualidades y bricolaje<\/p><\/li><li data-start=\"1165\" data-end=\"1211\"><p data-start=\"1167\" data-end=\"1211\">Complementos pr\u00e1cticos para casa u oficina<\/p><\/li><\/ul>\t\t\t\t\t\t\t\t<\/div>\n\t\t\t\t<\/div>\n\t\t<div class=\"elementor-element elementor-element-3cf493b e-con-full e-flex e-con e-child\" data-id=\"3cf493b\" data-element_type=\"container\" data-e-type=\"container\" data-settings=\"{&quot;background_background&quot;:&quot;classic&quot;}\">\n\t\t\t\t<div class=\"elementor-element elementor-element-53e91a7 elementor-widget elementor-widget-heading\" data-id=\"53e91a7\" data-element_type=\"widget\" data-e-type=\"widget\" data-widget_type=\"heading.default\">\n\t\t\t\t\t<h2 class=\"elementor-heading-title elementor-size-default\">Juguetes, regalos y temporada<\/h2>\t\t\t\t<\/div>\n\t\t\t\t<div class=\"elementor-element elementor-element-907ce3f elementor-widget elementor-widget-text-editor\" data-id=\"907ce3f\" data-element_type=\"widget\" data-e-type=\"widget\" data-widget_type=\"text-editor.default\">\n\t\t\t\t\t\t\t\t\t<ul><li data-start=\"1326\" data-end=\"1371\"><p data-start=\"1328\" data-end=\"1371\">Juguetes divertidos para todas las edades<\/p><\/li><li data-start=\"1372\" data-end=\"1403\"><p data-start=\"1374\" data-end=\"1403\">Regalos \u00fanicos y asequibles<\/p><\/li><li data-start=\"1404\" data-end=\"1452\"><p data-start=\"1406\" data-end=\"1452\">Productos especiales para cada \u00e9poca del a\u00f1o<\/p><\/li><\/ul>\t\t\t\t\t\t\t\t<\/div>\n\t\t\t\t<\/div>\n\t\t\t\t\t<\/div>\n\t\t\t\t<\/div>\n\t\t<div class=\"elementor-element elementor-element-900eebe e-con-full e-flex e-con e-parent\" data-id=\"900eebe\" data-element_type=\"container\" data-e-type=\"container\" data-settings=\"{&quot;background_background&quot;:&quot;classic&quot;}\">\n\t\t\t\t<div class=\"elementor-element elementor-element-8271a95 elementor-cta--skin-cover elementor-animated-content elementor-bg-transform elementor-bg-transform-zoom-in elementor-widget elementor-widget-call-to-action\" data-id=\"8271a95\" data-element_type=\"widget\" data-e-type=\"widget\" data-widget_type=\"call-to-action.default\">\n\t\t\t\t\t\t\t<div class=\"elementor-cta\">\n\t\t\t\t\t<div class=\"elementor-cta__bg-wrapper\">\n\t\t\t\t<div class=\"elementor-cta__bg elementor-bg\" style=\"background-image: url(https:\/\/yuanyuanzeng.com\/wp-content\/uploads\/2025\/10\/24860963-1024x683.jpg);\" role=\"img\" aria-label=\"24860963\"><\/div>\n\t\t\t\t<div class=\"elementor-cta__bg-overlay\"><\/div>\n\t\t\t<\/div>\n\t\t\t\t\t\t\t<div class=\"elementor-cta__content\">\n\t\t\t\t\n\t\t\t\t\t\t\t\t\t<h2 class=\"elementor-cta__title elementor-cta__content-item elementor-content-item elementor-animated-item--grow\">\n\t\t\t\t\t\tVis\u00edtenos o escr\u00edbenos\t\t\t\t\t<\/h2>\n\t\t\t\t\n\t\t\t\t\t\t\t\t\t<div class=\"elementor-cta__description elementor-cta__content-item elementor-content-item elementor-animated-item--grow\">\n\t\t\t\t\t\tComun\u00edcate con nuestro equipo y encuentra lo que buscas.\t\t\t\t\t<\/div>\n\t\t\t\t\n\t\t\t\t\t\t\t\t\t<div class=\"elementor-cta__button-wrapper elementor-cta__content-item elementor-content-item elementor-animated-item--grow\">\n\t\t\t\t\t<a class=\"elementor-cta__button elementor-button elementor-size-\" href=\"https:\/\/yuanyuanzeng.com\/en\/contacto\/\">\n\t\t\t\t\t\tContact\t\t\t\t\t<\/a>\n\t\t\t\t\t<\/div>\n\t\t\t\t\t\t\t<\/div>\n\t\t\t\t\t\t<\/div>\n\t\t\t\t\t\t<\/div>\n\t\t\t\t<\/div>\n\t\t\t\t<\/div>","protected":false},"excerpt":{"rendered":"<p>PRODUCTOS Hogar y cocina Utensilios pr\u00e1cticos y duraderos Productos de limpieza y orden Detalles decorativos y accesorios para el hogar Cuidado personal y bienestar Productos de higiene y belleza Accesorios para el cuidado personal Peque\u00f1os dispositivos \u00fatiles y modernos Oficina, papeler\u00eda y creatividad Material escolar y de oficina Art\u00edculos para manualidades y bricolaje Complementos pr\u00e1cticos [&hellip;]<\/p>\n","protected":false},"author":1,"featured_media":0,"parent":0,"menu_order":0,"comment_status":"closed","ping_status":"closed","template":"elementor_canvas","meta":{"footnotes":""},"class_list":["post-15","page","type-page","status-publish","hentry"],"yoast_head":"<!-- This site is optimized with the Yoast SEO plugin v27.3 - https:\/\/yoast.com\/product\/yoast-seo-wordpress\/ -->\n<title>Productos - Yuan Zeng<\/title>\n<meta name=\"robots\" content=\"index, follow, max-snippet:-1, max-image-preview:large, max-video-preview:-1\" \/>\n<link rel=\"canonical\" href=\"https:\/\/yuanyuanzeng.com\/en\/productos\/\" \/>\n<meta property=\"og:locale\" content=\"en_GB\" \/>\n<meta property=\"og:type\" content=\"article\" \/>\n<meta property=\"og:title\" content=\"Productos - Yuan Zeng\" \/>\n<meta property=\"og:description\" content=\"PRODUCTOS Hogar y cocina Utensilios pr\u00e1cticos y duraderos Productos de limpieza y orden Detalles decorativos y accesorios para el hogar Cuidado personal y bienestar Productos de higiene y belleza Accesorios para el cuidado personal Peque\u00f1os dispositivos \u00fatiles y modernos Oficina, papeler\u00eda y creatividad Material escolar y de oficina Art\u00edculos para manualidades y bricolaje Complementos pr\u00e1cticos [&hellip;]\" \/>\n<meta property=\"og:url\" content=\"https:\/\/yuanyuanzeng.com\/en\/productos\/\" \/>\n<meta property=\"og:site_name\" content=\"Yuan Zeng\" \/>\n<meta property=\"article:modified_time\" content=\"2025-10-10T12:02:03+00:00\" \/>\n<meta name=\"twitter:card\" content=\"summary_large_image\" \/>\n<script type=\"application\/ld+json\" class=\"yoast-schema-graph\">{\"@context\":\"https:\\\/\\\/schema.org\",\"@graph\":[{\"@type\":\"WebPage\",\"@id\":\"https:\\\/\\\/yuanyuanzeng.com\\\/productos\\\/\",\"url\":\"https:\\\/\\\/yuanyuanzeng.com\\\/productos\\\/\",\"name\":\"Productos - Yuan Zeng\",\"isPartOf\":{\"@id\":\"https:\\\/\\\/yuanyuanzeng.com\\\/#website\"},\"datePublished\":\"2025-10-10T09:45:02+00:00\",\"dateModified\":\"2025-10-10T12:02:03+00:00\",\"breadcrumb\":{\"@id\":\"https:\\\/\\\/yuanyuanzeng.com\\\/productos\\\/#breadcrumb\"},\"inLanguage\":\"en-GB\",\"potentialAction\":[{\"@type\":\"ReadAction\",\"target\":[\"https:\\\/\\\/yuanyuanzeng.com\\\/productos\\\/\"]}]},{\"@type\":\"BreadcrumbList\",\"@id\":\"https:\\\/\\\/yuanyuanzeng.com\\\/productos\\\/#breadcrumb\",\"itemListElement\":[{\"@type\":\"ListItem\",\"position\":1,\"name\":\"Portada\",\"item\":\"https:\\\/\\\/yuanyuanzeng.com\\\/\"},{\"@type\":\"ListItem\",\"position\":2,\"name\":\"Productos\"}]},{\"@type\":\"WebSite\",\"@id\":\"https:\\\/\\\/yuanyuanzeng.com\\\/#website\",\"url\":\"https:\\\/\\\/yuanyuanzeng.com\\\/\",\"name\":\"Yuan Zeng\",\"description\":\"Bazar\",\"publisher\":{\"@id\":\"https:\\\/\\\/yuanyuanzeng.com\\\/#organization\"},\"potentialAction\":[{\"@type\":\"SearchAction\",\"target\":{\"@type\":\"EntryPoint\",\"urlTemplate\":\"https:\\\/\\\/yuanyuanzeng.com\\\/?s={search_term_string}\"},\"query-input\":{\"@type\":\"PropertyValueSpecification\",\"valueRequired\":true,\"valueName\":\"search_term_string\"}}],\"inLanguage\":\"en-GB\"},{\"@type\":\"Organization\",\"@id\":\"https:\\\/\\\/yuanyuanzeng.com\\\/#organization\",\"name\":\"Yuan Zeng\",\"url\":\"https:\\\/\\\/yuanyuanzeng.com\\\/\",\"logo\":{\"@type\":\"ImageObject\",\"inLanguage\":\"en-GB\",\"@id\":\"https:\\\/\\\/yuanyuanzeng.com\\\/#\\\/schema\\\/logo\\\/image\\\/\",\"url\":\"https:\\\/\\\/yuanyuanzeng.com\\\/wp-content\\\/uploads\\\/2025\\\/10\\\/cropped-yuanyuanzeng202509_logo_web.png\",\"contentUrl\":\"https:\\\/\\\/yuanyuanzeng.com\\\/wp-content\\\/uploads\\\/2025\\\/10\\\/cropped-yuanyuanzeng202509_logo_web.png\",\"width\":1080,\"height\":254,\"caption\":\"Yuan Zeng\"},\"image\":{\"@id\":\"https:\\\/\\\/yuanyuanzeng.com\\\/#\\\/schema\\\/logo\\\/image\\\/\"}}]}<\/script>\n<!-- \/ Yoast SEO plugin. -->","yoast_head_json":{"title":"Productos - Yuan Zeng","robots":{"index":"index","follow":"follow","max-snippet":"max-snippet:-1","max-image-preview":"max-image-preview:large","max-video-preview":"max-video-preview:-1"},"canonical":"https:\/\/yuanyuanzeng.com\/en\/productos\/","og_locale":"en_GB","og_type":"article","og_title":"Productos - Yuan Zeng","og_description":"PRODUCTOS Hogar y cocina Utensilios pr\u00e1cticos y duraderos Productos de limpieza y orden Detalles decorativos y accesorios para el hogar Cuidado personal y bienestar Productos de higiene y belleza Accesorios para el cuidado personal Peque\u00f1os dispositivos \u00fatiles y modernos Oficina, papeler\u00eda y creatividad Material escolar y de oficina Art\u00edculos para manualidades y bricolaje Complementos pr\u00e1cticos [&hellip;]","og_url":"https:\/\/yuanyuanzeng.com\/en\/productos\/","og_site_name":"Yuan Zeng","article_modified_time":"2025-10-10T12:02:03+00:00","twitter_card":"summary_large_image","schema":{"@context":"https:\/\/schema.org","@graph":[{"@type":"WebPage","@id":"https:\/\/yuanyuanzeng.com\/productos\/","url":"https:\/\/yuanyuanzeng.com\/productos\/","name":"Productos - Yuan Zeng","isPartOf":{"@id":"https:\/\/yuanyuanzeng.com\/#website"},"datePublished":"2025-10-10T09:45:02+00:00","dateModified":"2025-10-10T12:02:03+00:00","breadcrumb":{"@id":"https:\/\/yuanyuanzeng.com\/productos\/#breadcrumb"},"inLanguage":"en-GB","potentialAction":[{"@type":"ReadAction","target":["https:\/\/yuanyuanzeng.com\/productos\/"]}]},{"@type":"BreadcrumbList","@id":"https:\/\/yuanyuanzeng.com\/productos\/#breadcrumb","itemListElement":[{"@type":"ListItem","position":1,"name":"Portada","item":"https:\/\/yuanyuanzeng.com\/"},{"@type":"ListItem","position":2,"name":"Productos"}]},{"@type":"WebSite","@id":"https:\/\/yuanyuanzeng.com\/#website","url":"https:\/\/yuanyuanzeng.com\/","name":"Yuan Zeng","description":"Bazar","publisher":{"@id":"https:\/\/yuanyuanzeng.com\/#organization"},"potentialAction":[{"@type":"SearchAction","target":{"@type":"EntryPoint","urlTemplate":"https:\/\/yuanyuanzeng.com\/?s={search_term_string}"},"query-input":{"@type":"PropertyValueSpecification","valueRequired":true,"valueName":"search_term_string"}}],"inLanguage":"en-GB"},{"@type":"Organization","@id":"https:\/\/yuanyuanzeng.com\/#organization","name":"Yuan Zeng","url":"https:\/\/yuanyuanzeng.com\/","logo":{"@type":"ImageObject","inLanguage":"en-GB","@id":"https:\/\/yuanyuanzeng.com\/#\/schema\/logo\/image\/","url":"https:\/\/yuanyuanzeng.com\/wp-content\/uploads\/2025\/10\/cropped-yuanyuanzeng202509_logo_web.png","contentUrl":"https:\/\/yuanyuanzeng.com\/wp-content\/uploads\/2025\/10\/cropped-yuanyuanzeng202509_logo_web.png","width":1080,"height":254,"caption":"Yuan Zeng"},"image":{"@id":"https:\/\/yuanyuanzeng.com\/#\/schema\/logo\/image\/"}}]}},"_links":{"self":[{"href":"https:\/\/yuanyuanzeng.com\/en\/wp-json\/wp\/v2\/pages\/15","targetHints":{"allow":["GET"]}}],"collection":[{"href":"https:\/\/yuanyuanzeng.com\/en\/wp-json\/wp\/v2\/pages"}],"about":[{"href":"https:\/\/yuanyuanzeng.com\/en\/wp-json\/wp\/v2\/types\/page"}],"author":[{"embeddable":true,"href":"https:\/\/yuanyuanzeng.com\/en\/wp-json\/wp\/v2\/users\/1"}],"replies":[{"embeddable":true,"href":"https:\/\/yuanyuanzeng.com\/en\/wp-json\/wp\/v2\/comments?post=15"}],"version-history":[{"count":25,"href":"https:\/\/yuanyuanzeng.com\/en\/wp-json\/wp\/v2\/pages\/15\/revisions"}],"predecessor-version":[{"id":177,"href":"https:\/\/yuanyuanzeng.com\/en\/wp-json\/wp\/v2\/pages\/15\/revisions\/177"}],"wp:attachment":[{"href":"https:\/\/yuanyuanzeng.com\/en\/wp-json\/wp\/v2\/media?parent=15"}],"curies":[{"name":"wp","href":"https:\/\/api.w.org\/{rel}","templated":true}]}}