{"id":12,"date":"2025-10-10T09:43:41","date_gmt":"2025-10-10T09:43:41","guid":{"rendered":"https:\/\/yuanyuanzeng.rkinformatika.online\/?page_id=12"},"modified":"2025-10-10T10:47:58","modified_gmt":"2025-10-10T10:47:58","slug":"inicio","status":"publish","type":"page","link":"https:\/\/yuanyuanzeng.com\/en\/","title":{"rendered":"Home"},"content":{"rendered":"<div data-elementor-type=\"wp-page\" data-elementor-id=\"12\" class=\"elementor elementor-12\" data-elementor-post-type=\"page\">\n\t\t\t\t<div class=\"elementor-element elementor-element-149ca55 e-con-full e-flex e-con e-parent\" data-id=\"149ca55\" data-element_type=\"container\" data-e-type=\"container\" data-settings=\"{&quot;background_background&quot;:&quot;classic&quot;}\">\n\t\t<div class=\"elementor-element elementor-element-3db3ea9 e-con-full e-flex e-con e-child\" data-id=\"3db3ea9\" data-element_type=\"container\" data-e-type=\"container\">\n\t\t\t\t<div class=\"elementor-element elementor-element-b940072 elementor-invisible elementor-widget elementor-widget-heading\" data-id=\"b940072\" data-element_type=\"widget\" data-e-type=\"widget\" data-settings=\"{&quot;_animation&quot;:&quot;fadeInRight&quot;}\" data-widget_type=\"heading.default\">\n\t\t\t\t\t<h2 class=\"elementor-heading-title elementor-size-default\">Yuanyuan Zeng<\/h2>\t\t\t\t<\/div>\n\t\t\t\t<\/div>\n\t\t\t\t<\/div>\n\t\t<div class=\"elementor-element elementor-element-6f7c228 e-flex e-con-boxed e-con e-parent\" data-id=\"6f7c228\" data-element_type=\"container\" data-e-type=\"container\" data-settings=\"{&quot;background_background&quot;:&quot;classic&quot;}\">\n\t\t\t\t\t<div class=\"e-con-inner\">\n\t\t<div class=\"elementor-element elementor-element-933bddb e-con-full e-flex e-con e-child\" data-id=\"933bddb\" data-element_type=\"container\" data-e-type=\"container\">\n\t\t\t\t<div class=\"elementor-element elementor-element-bc045e8 elementor-widget elementor-widget-image\" data-id=\"bc045e8\" data-element_type=\"widget\" data-e-type=\"widget\" data-widget_type=\"image.default\">\n\t\t\t\t\t\t\t\t\t\t\t\t\t\t\t<img fetchpriority=\"high\" decoding=\"async\" width=\"800\" height=\"532\" src=\"https:\/\/yuanyuanzeng.com\/wp-content\/uploads\/2025\/10\/438-1024x681.jpg\" class=\"attachment-large size-large wp-image-105\" alt=\"\" srcset=\"https:\/\/yuanyuanzeng.com\/wp-content\/uploads\/2025\/10\/438-1024x681.jpg 1024w, https:\/\/yuanyuanzeng.com\/wp-content\/uploads\/2025\/10\/438-300x199.jpg 300w, https:\/\/yuanyuanzeng.com\/wp-content\/uploads\/2025\/10\/438-768x510.jpg 768w, https:\/\/yuanyuanzeng.com\/wp-content\/uploads\/2025\/10\/438-18x12.jpg 18w, https:\/\/yuanyuanzeng.com\/wp-content\/uploads\/2025\/10\/438.jpg 1500w\" sizes=\"(max-width: 800px) 100vw, 800px\" \/>\t\t\t\t\t\t\t\t\t\t\t\t\t\t\t<\/div>\n\t\t\t\t<\/div>\n\t\t<div class=\"elementor-element elementor-element-b1ac4f3 e-con-full e-flex e-con e-child\" data-id=\"b1ac4f3\" data-element_type=\"container\" data-e-type=\"container\">\n\t\t\t\t<div class=\"elementor-element elementor-element-c77f2b9 elementor-widget elementor-widget-heading\" data-id=\"c77f2b9\" data-element_type=\"widget\" data-e-type=\"widget\" data-widget_type=\"heading.default\">\n\t\t\t\t\t<h2 class=\"elementor-heading-title elementor-size-default\">About us<\/h2>\t\t\t\t<\/div>\n\t\t\t\t<div class=\"elementor-element elementor-element-cbc52e4 elementor-widget elementor-widget-text-editor\" data-id=\"cbc52e4\" data-element_type=\"widget\" data-e-type=\"widget\" data-widget_type=\"text-editor.default\">\n\t\t\t\t\t\t\t\t\t<p data-start=\"242\" data-end=\"541\">At Yuanyuan Zeng, we believe that every customer deserves a comfortable, enjoyable and trustworthy shopping experience.<br data-start=\"361\" data-end=\"364\" \/>Our mission is to offer a wide variety of useful, practical, and high-quality products designed to make your daily life easier and fill your home with smart solutions.<\/p><p data-start=\"543\" data-end=\"803\">We are characterized by our friendly and approachable service, always attentive to the needs of our visitors.<br data-start=\"650\" data-end=\"653\" \/>We work hard to maintain affordable prices without sacrificing quality, because we know that small details make a difference.<\/p>\t\t\t\t\t\t\t\t<\/div>\n\t\t\t\t<\/div>\n\t\t\t\t\t<\/div>\n\t\t\t\t<\/div>\n\t\t<div class=\"elementor-element elementor-element-7711d8a e-con-full e-flex e-con e-parent\" data-id=\"7711d8a\" data-element_type=\"container\" data-e-type=\"container\" data-settings=\"{&quot;background_background&quot;:&quot;classic&quot;}\">\n\t\t\t\t<div class=\"elementor-element elementor-element-bd80de5 elementor-cta--skin-cover elementor-animated-content elementor-bg-transform elementor-bg-transform-zoom-in elementor-widget elementor-widget-call-to-action\" data-id=\"bd80de5\" data-element_type=\"widget\" data-e-type=\"widget\" data-widget_type=\"call-to-action.default\">\n\t\t\t\t\t\t\t<div class=\"elementor-cta\">\n\t\t\t\t\t<div class=\"elementor-cta__bg-wrapper\">\n\t\t\t\t<div class=\"elementor-cta__bg elementor-bg\" style=\"background-image: url(https:\/\/yuanyuanzeng.com\/wp-content\/uploads\/2025\/10\/24860963-1024x683.jpg);\" role=\"img\" aria-label=\"24860963\"><\/div>\n\t\t\t\t<div class=\"elementor-cta__bg-overlay\"><\/div>\n\t\t\t<\/div>\n\t\t\t\t\t\t\t<div class=\"elementor-cta__content\">\n\t\t\t\t\n\t\t\t\t\t\t\t\t\t<h2 class=\"elementor-cta__title elementor-cta__content-item elementor-content-item elementor-animated-item--grow\">\n\t\t\t\t\t\tQuality, utility and good price in each item.\t\t\t\t\t<\/h2>\n\t\t\t\t\n\t\t\t\t\t\t\t\t\t<div class=\"elementor-cta__description elementor-cta__content-item elementor-content-item elementor-animated-item--grow\">\n\t\t\t\t\t\tCome and be amazed by our products and special offers.\t\t\t\t\t<\/div>\n\t\t\t\t\n\t\t\t\t\t\t\t\t\t<div class=\"elementor-cta__button-wrapper elementor-cta__content-item elementor-content-item elementor-animated-item--grow\">\n\t\t\t\t\t<a class=\"elementor-cta__button elementor-button elementor-size-\" href=\"https:\/\/yuanyuanzeng.com\/en\/productos\/\">\n\t\t\t\t\t\tProducts\t\t\t\t\t<\/a>\n\t\t\t\t\t<\/div>\n\t\t\t\t\t\t\t<\/div>\n\t\t\t\t\t\t<\/div>\n\t\t\t\t\t\t<\/div>\n\t\t\t\t<\/div>\n\t\t\t\t<\/div>","protected":false},"excerpt":{"rendered":"<p>Yuanyuan Zeng Sobre nosotros En Yuanyuan Zeng , creemos que cada cliente merece una experiencia de compra c\u00f3moda, agradable y de confianza.Nuestra misi\u00f3n es ofrecer una amplia variedad de productos \u00fatiles, pr\u00e1cticos y de calidad, pensados para facilitar tu vida diaria y llenar tu hogar de soluciones inteligentes. Nos caracterizamos por un trato cercano y [&hellip;]<\/p>\n","protected":false},"author":1,"featured_media":0,"parent":0,"menu_order":0,"comment_status":"closed","ping_status":"closed","template":"elementor_canvas","meta":{"footnotes":""},"class_list":["post-12","page","type-page","status-publish","hentry"],"yoast_head":"<!-- This site is optimized with the Yoast SEO plugin v27.3 - https:\/\/yoast.com\/product\/yoast-seo-wordpress\/ -->\n<title>Inicio - Yuan Zeng<\/title>\n<meta name=\"robots\" content=\"index, follow, max-snippet:-1, max-image-preview:large, max-video-preview:-1\" \/>\n<link rel=\"canonical\" href=\"https:\/\/yuanyuanzeng.com\/en\/\" \/>\n<meta property=\"og:locale\" content=\"en_GB\" \/>\n<meta property=\"og:type\" content=\"article\" \/>\n<meta property=\"og:title\" content=\"Inicio - Yuan Zeng\" \/>\n<meta property=\"og:description\" content=\"Yuanyuan Zeng Sobre nosotros En Yuanyuan Zeng , creemos que cada cliente merece una experiencia de compra c\u00f3moda, agradable y de confianza.Nuestra misi\u00f3n es ofrecer una amplia variedad de productos \u00fatiles, pr\u00e1cticos y de calidad, pensados para facilitar tu vida diaria y llenar tu hogar de soluciones inteligentes. Nos caracterizamos por un trato cercano y [&hellip;]\" \/>\n<meta property=\"og:url\" content=\"https:\/\/yuanyuanzeng.com\/en\/\" \/>\n<meta property=\"og:site_name\" content=\"Yuan Zeng\" \/>\n<meta property=\"article:modified_time\" content=\"2025-10-10T10:47:58+00:00\" \/>\n<meta property=\"og:image\" content=\"https:\/\/yuanyuanzeng.com\/wp-content\/uploads\/2025\/10\/438-1024x681.jpg\" \/>\n<meta name=\"twitter:card\" content=\"summary_large_image\" \/>\n<meta name=\"twitter:label1\" content=\"Estimated reading time\" \/>\n\t<meta name=\"twitter:data1\" content=\"1 minute\" \/>\n<script type=\"application\/ld+json\" class=\"yoast-schema-graph\">{\"@context\":\"https:\\\/\\\/schema.org\",\"@graph\":[{\"@type\":\"WebPage\",\"@id\":\"https:\\\/\\\/yuanyuanzeng.com\\\/\",\"url\":\"https:\\\/\\\/yuanyuanzeng.com\\\/\",\"name\":\"Inicio - Yuan Zeng\",\"isPartOf\":{\"@id\":\"https:\\\/\\\/yuanyuanzeng.com\\\/#website\"},\"primaryImageOfPage\":{\"@id\":\"https:\\\/\\\/yuanyuanzeng.com\\\/#primaryimage\"},\"image\":{\"@id\":\"https:\\\/\\\/yuanyuanzeng.com\\\/#primaryimage\"},\"thumbnailUrl\":\"https:\\\/\\\/yuanyuanzeng.com\\\/wp-content\\\/uploads\\\/2025\\\/10\\\/438-1024x681.jpg\",\"datePublished\":\"2025-10-10T09:43:41+00:00\",\"dateModified\":\"2025-10-10T10:47:58+00:00\",\"breadcrumb\":{\"@id\":\"https:\\\/\\\/yuanyuanzeng.com\\\/#breadcrumb\"},\"inLanguage\":\"en-GB\",\"potentialAction\":[{\"@type\":\"ReadAction\",\"target\":[\"https:\\\/\\\/yuanyuanzeng.com\\\/\"]}]},{\"@type\":\"ImageObject\",\"inLanguage\":\"en-GB\",\"@id\":\"https:\\\/\\\/yuanyuanzeng.com\\\/#primaryimage\",\"url\":\"https:\\\/\\\/yuanyuanzeng.com\\\/wp-content\\\/uploads\\\/2025\\\/10\\\/438-1024x681.jpg\",\"contentUrl\":\"https:\\\/\\\/yuanyuanzeng.com\\\/wp-content\\\/uploads\\\/2025\\\/10\\\/438-1024x681.jpg\"},{\"@type\":\"BreadcrumbList\",\"@id\":\"https:\\\/\\\/yuanyuanzeng.com\\\/#breadcrumb\",\"itemListElement\":[{\"@type\":\"ListItem\",\"position\":1,\"name\":\"Portada\",\"item\":\"https:\\\/\\\/yuanyuanzeng.com\\\/\"},{\"@type\":\"ListItem\",\"position\":2,\"name\":\"Inicio\"}]},{\"@type\":\"WebSite\",\"@id\":\"https:\\\/\\\/yuanyuanzeng.com\\\/#website\",\"url\":\"https:\\\/\\\/yuanyuanzeng.com\\\/\",\"name\":\"Yuan Zeng\",\"description\":\"Bazar\",\"publisher\":{\"@id\":\"https:\\\/\\\/yuanyuanzeng.com\\\/#organization\"},\"potentialAction\":[{\"@type\":\"SearchAction\",\"target\":{\"@type\":\"EntryPoint\",\"urlTemplate\":\"https:\\\/\\\/yuanyuanzeng.com\\\/?s={search_term_string}\"},\"query-input\":{\"@type\":\"PropertyValueSpecification\",\"valueRequired\":true,\"valueName\":\"search_term_string\"}}],\"inLanguage\":\"en-GB\"},{\"@type\":\"Organization\",\"@id\":\"https:\\\/\\\/yuanyuanzeng.com\\\/#organization\",\"name\":\"Yuan Zeng\",\"url\":\"https:\\\/\\\/yuanyuanzeng.com\\\/\",\"logo\":{\"@type\":\"ImageObject\",\"inLanguage\":\"en-GB\",\"@id\":\"https:\\\/\\\/yuanyuanzeng.com\\\/#\\\/schema\\\/logo\\\/image\\\/\",\"url\":\"https:\\\/\\\/yuanyuanzeng.com\\\/wp-content\\\/uploads\\\/2025\\\/10\\\/cropped-yuanyuanzeng202509_logo_web.png\",\"contentUrl\":\"https:\\\/\\\/yuanyuanzeng.com\\\/wp-content\\\/uploads\\\/2025\\\/10\\\/cropped-yuanyuanzeng202509_logo_web.png\",\"width\":1080,\"height\":254,\"caption\":\"Yuan Zeng\"},\"image\":{\"@id\":\"https:\\\/\\\/yuanyuanzeng.com\\\/#\\\/schema\\\/logo\\\/image\\\/\"}}]}<\/script>\n<!-- \/ Yoast SEO plugin. -->","yoast_head_json":{"title":"Inicio - Yuan Zeng","robots":{"index":"index","follow":"follow","max-snippet":"max-snippet:-1","max-image-preview":"max-image-preview:large","max-video-preview":"max-video-preview:-1"},"canonical":"https:\/\/yuanyuanzeng.com\/en\/","og_locale":"en_GB","og_type":"article","og_title":"Inicio - Yuan Zeng","og_description":"Yuanyuan Zeng Sobre nosotros En Yuanyuan Zeng , creemos que cada cliente merece una experiencia de compra c\u00f3moda, agradable y de confianza.Nuestra misi\u00f3n es ofrecer una amplia variedad de productos \u00fatiles, pr\u00e1cticos y de calidad, pensados para facilitar tu vida diaria y llenar tu hogar de soluciones inteligentes. Nos caracterizamos por un trato cercano y [&hellip;]","og_url":"https:\/\/yuanyuanzeng.com\/en\/","og_site_name":"Yuan Zeng","article_modified_time":"2025-10-10T10:47:58+00:00","og_image":[{"url":"https:\/\/yuanyuanzeng.com\/wp-content\/uploads\/2025\/10\/438-1024x681.jpg","type":"","width":"","height":""}],"twitter_card":"summary_large_image","twitter_misc":{"Estimated reading time":"1 minute"},"schema":{"@context":"https:\/\/schema.org","@graph":[{"@type":"WebPage","@id":"https:\/\/yuanyuanzeng.com\/","url":"https:\/\/yuanyuanzeng.com\/","name":"Inicio - Yuan Zeng","isPartOf":{"@id":"https:\/\/yuanyuanzeng.com\/#website"},"primaryImageOfPage":{"@id":"https:\/\/yuanyuanzeng.com\/#primaryimage"},"image":{"@id":"https:\/\/yuanyuanzeng.com\/#primaryimage"},"thumbnailUrl":"https:\/\/yuanyuanzeng.com\/wp-content\/uploads\/2025\/10\/438-1024x681.jpg","datePublished":"2025-10-10T09:43:41+00:00","dateModified":"2025-10-10T10:47:58+00:00","breadcrumb":{"@id":"https:\/\/yuanyuanzeng.com\/#breadcrumb"},"inLanguage":"en-GB","potentialAction":[{"@type":"ReadAction","target":["https:\/\/yuanyuanzeng.com\/"]}]},{"@type":"ImageObject","inLanguage":"en-GB","@id":"https:\/\/yuanyuanzeng.com\/#primaryimage","url":"https:\/\/yuanyuanzeng.com\/wp-content\/uploads\/2025\/10\/438-1024x681.jpg","contentUrl":"https:\/\/yuanyuanzeng.com\/wp-content\/uploads\/2025\/10\/438-1024x681.jpg"},{"@type":"BreadcrumbList","@id":"https:\/\/yuanyuanzeng.com\/#breadcrumb","itemListElement":[{"@type":"ListItem","position":1,"name":"Portada","item":"https:\/\/yuanyuanzeng.com\/"},{"@type":"ListItem","position":2,"name":"Inicio"}]},{"@type":"WebSite","@id":"https:\/\/yuanyuanzeng.com\/#website","url":"https:\/\/yuanyuanzeng.com\/","name":"Yuan Zeng","description":"Bazar","publisher":{"@id":"https:\/\/yuanyuanzeng.com\/#organization"},"potentialAction":[{"@type":"SearchAction","target":{"@type":"EntryPoint","urlTemplate":"https:\/\/yuanyuanzeng.com\/?s={search_term_string}"},"query-input":{"@type":"PropertyValueSpecification","valueRequired":true,"valueName":"search_term_string"}}],"inLanguage":"en-GB"},{"@type":"Organization","@id":"https:\/\/yuanyuanzeng.com\/#organization","name":"Yuan Zeng","url":"https:\/\/yuanyuanzeng.com\/","logo":{"@type":"ImageObject","inLanguage":"en-GB","@id":"https:\/\/yuanyuanzeng.com\/#\/schema\/logo\/image\/","url":"https:\/\/yuanyuanzeng.com\/wp-content\/uploads\/2025\/10\/cropped-yuanyuanzeng202509_logo_web.png","contentUrl":"https:\/\/yuanyuanzeng.com\/wp-content\/uploads\/2025\/10\/cropped-yuanyuanzeng202509_logo_web.png","width":1080,"height":254,"caption":"Yuan Zeng"},"image":{"@id":"https:\/\/yuanyuanzeng.com\/#\/schema\/logo\/image\/"}}]}},"_links":{"self":[{"href":"https:\/\/yuanyuanzeng.com\/en\/wp-json\/wp\/v2\/pages\/12","targetHints":{"allow":["GET"]}}],"collection":[{"href":"https:\/\/yuanyuanzeng.com\/en\/wp-json\/wp\/v2\/pages"}],"about":[{"href":"https:\/\/yuanyuanzeng.com\/en\/wp-json\/wp\/v2\/types\/page"}],"author":[{"embeddable":true,"href":"https:\/\/yuanyuanzeng.com\/en\/wp-json\/wp\/v2\/users\/1"}],"replies":[{"embeddable":true,"href":"https:\/\/yuanyuanzeng.com\/en\/wp-json\/wp\/v2\/comments?post=12"}],"version-history":[{"count":34,"href":"https:\/\/yuanyuanzeng.com\/en\/wp-json\/wp\/v2\/pages\/12\/revisions"}],"predecessor-version":[{"id":127,"href":"https:\/\/yuanyuanzeng.com\/en\/wp-json\/wp\/v2\/pages\/12\/revisions\/127"}],"wp:attachment":[{"href":"https:\/\/yuanyuanzeng.com\/en\/wp-json\/wp\/v2\/media?parent=12"}],"curies":[{"name":"wp","href":"https:\/\/api.w.org\/{rel}","templated":true}]}}